{"id":1029,"date":"2024-09-15T11:29:50","date_gmt":"2024-09-15T09:29:50","guid":{"rendered":"https:\/\/www.masterkredit.hu\/site\/?page_id=1029"},"modified":"2024-10-11T19:46:00","modified_gmt":"2024-10-11T17:46:00","slug":"tanacsadas","status":"publish","type":"page","link":"https:\/\/www.masterkredit.hu\/site\/tanacsadas\/","title":{"rendered":"Tan\u00e1csad\u00e1s"},"content":{"rendered":"\t\t<div data-elementor-type=\"wp-page\" data-elementor-id=\"1029\" class=\"elementor elementor-1029\">\n\t\t\t\t<div class=\"elementor-element elementor-element-6467f250 e-flex e-con-boxed e-con e-parent\" data-id=\"6467f250\" data-element_type=\"container\" data-settings=\"{&quot;background_background&quot;:&quot;classic&quot;}\">\n\t\t\t\t\t<div class=\"e-con-inner\">\n\t\t<div class=\"elementor-element elementor-element-68f71278 e-con-full e-flex e-con e-child\" data-id=\"68f71278\" data-element_type=\"container\">\n\t\t\t\t<div class=\"elementor-element elementor-element-2772a87b elementor-widget elementor-widget-heading\" data-id=\"2772a87b\" data-element_type=\"widget\" data-widget_type=\"heading.default\">\n\t\t\t\t<div class=\"elementor-widget-container\">\n\t\t\t\t\t<h1 class=\"elementor-heading-title elementor-size-default\">Tan\u00e1csad\u00e1s<\/h1>\t\t\t\t<\/div>\n\t\t\t\t<\/div>\n\t\t\t\t<\/div>\n\t\t\t\t\t<\/div>\n\t\t\t\t<\/div>\n\t\t\t\t<section class=\"elementor-section elementor-top-section elementor-element elementor-element-v6w8mhn elementor-section-content-middle elementor-section-boxed elementor-section-height-default elementor-section-height-default\" data-id=\"v6w8mhn\" data-element_type=\"section\" data-settings=\"{&quot;background_background&quot;:&quot;classic&quot;}\">\n\t\t\t\t\t\t\t<div class=\"elementor-background-overlay\"><\/div>\n\t\t\t\t\t\t\t<div class=\"elementor-container elementor-column-gap-no\">\n\t\t\t\t\t<div class=\"elementor-column elementor-col-50 elementor-top-column elementor-element elementor-element-47d11e6\" data-id=\"47d11e6\" data-element_type=\"column\">\n\t\t\t<div class=\"elementor-widget-wrap elementor-element-populated\">\n\t\t\t\t\t\t<div class=\"elementor-element elementor-element-51240be elementor-widget elementor-widget-image\" data-id=\"51240be\" data-element_type=\"widget\" data-widget_type=\"image.default\">\n\t\t\t\t<div class=\"elementor-widget-container\">\n\t\t\t\t\t\t\t\t\t\t\t\t\t\t\t<img fetchpriority=\"high\" decoding=\"async\" width=\"1024\" height=\"1024\" src=\"https:\/\/www.masterkredit.hu\/site\/wp-content\/uploads\/2024\/09\/pic_1.png\" class=\"attachment-full size-full wp-image-967\" alt=\"\" \/>\t\t\t\t\t\t\t\t\t\t\t\t\t\t\t<\/div>\n\t\t\t\t<\/div>\n\t\t\t\t\t<\/div>\n\t\t<\/div>\n\t\t\t\t<div class=\"elementor-column elementor-col-50 elementor-top-column elementor-element elementor-element-e68dcfe\" data-id=\"e68dcfe\" data-element_type=\"column\">\n\t\t\t<div class=\"elementor-widget-wrap elementor-element-populated\">\n\t\t\t\t\t\t<div class=\"elementor-element elementor-element-a0ce042 elementor-widget elementor-widget-heading\" data-id=\"a0ce042\" data-element_type=\"widget\" data-widget_type=\"heading.default\">\n\t\t\t\t<div class=\"elementor-widget-container\">\n\t\t\t\t\t<h5 class=\"elementor-heading-title elementor-size-default\">Szak\u00e9rt\u0151i Tan\u00e1csad\u00e1s!<\/h5>\t\t\t\t<\/div>\n\t\t\t\t<\/div>\n\t\t\t\t<div class=\"elementor-element elementor-element-ff0f137 elementor-widget elementor-widget-heading\" data-id=\"ff0f137\" data-element_type=\"widget\" data-widget_type=\"heading.default\">\n\t\t\t\t<div class=\"elementor-widget-container\">\n\t\t\t\t\t<h4 class=\"elementor-heading-title elementor-size-default\">A Master Kredit elk\u00f6telezett amellett, hogy \u00fcgyfelei sz\u00e1m\u00e1ra a legjobb tan\u00e1csad\u00e1si megold\u00e1sokat k\u00edn\u00e1lja.<\/h4>\t\t\t\t<\/div>\n\t\t\t\t<\/div>\n\t\t\t\t<div class=\"elementor-element elementor-element-72da1a5 elementor-widget elementor-widget-text-editor\" data-id=\"72da1a5\" data-element_type=\"widget\" data-widget_type=\"text-editor.default\">\n\t\t\t\t<div class=\"elementor-widget-container\">\n\t\t\t\t\t\t\t\t\t<p>Tapasztalt szakembereink sz\u00e9lesk\u00f6r\u0171 ipar\u00e1gi tud\u00e1ssal rendelkeznek, amely lehet\u0151v\u00e9 teszi sz\u00e1munkra, hogy testre szabott, hat\u00e9kony \u00e9s fenntarthat\u00f3 strat\u00e9gi\u00e1kat dolgozzunk ki. A tan\u00e1csad\u00e1s sor\u00e1n c\u00e9lunk, hogy seg\u00edts\u00fck \u00d6nt abban, hogy a legjobb d\u00f6nt\u00e9seket hozza meg v\u00e1llalkoz\u00e1sa vagy projektje \u00e9rdek\u00e9ben.<\/p>\t\t\t\t\t\t\t\t<\/div>\n\t\t\t\t<\/div>\n\t\t\t\t<div class=\"elementor-element elementor-element-a6dde25 elementor-align-left elementor-widget elementor-widget-button\" data-id=\"a6dde25\" data-element_type=\"widget\" data-widget_type=\"button.default\">\n\t\t\t\t<div class=\"elementor-widget-container\">\n\t\t\t\t\t\t\t\t\t<div class=\"elementor-button-wrapper\">\n\t\t\t\t\t<a class=\"elementor-button elementor-button-link elementor-size-sm\" href=\"\/site\/contact\/\">\n\t\t\t\t\t\t<span class=\"elementor-button-content-wrapper\">\n\t\t\t\t\t\t\t\t\t<span class=\"elementor-button-text\">\u00cdrjon Nek\u00fcnk!<\/span>\n\t\t\t\t\t<\/span>\n\t\t\t\t\t<\/a>\n\t\t\t\t<\/div>\n\t\t\t\t\t\t\t\t<\/div>\n\t\t\t\t<\/div>\n\t\t\t\t\t<\/div>\n\t\t<\/div>\n\t\t\t\t\t<\/div>\n\t\t<\/section>\n\t\t\t\t<\/div>\n\t\t","protected":false},"excerpt":{"rendered":"<p>Tan\u00e1csad\u00e1s Szak\u00e9rt\u0151i Tan\u00e1csad\u00e1s! A Master Kredit elk\u00f6telezett amellett, hogy \u00fcgyfelei sz\u00e1m\u00e1ra a legjobb tan\u00e1csad\u00e1si megold\u00e1sokat k\u00edn\u00e1lja. Tapasztalt szakembereink sz\u00e9lesk\u00f6r\u0171 ipar\u00e1gi tud\u00e1ssal rendelkeznek, amely lehet\u0151v\u00e9 teszi sz\u00e1munkra, hogy testre szabott, hat\u00e9kony \u00e9s fenntarthat\u00f3 strat\u00e9gi\u00e1kat dolgozzunk ki. A tan\u00e1csad\u00e1s sor\u00e1n c\u00e9lunk, hogy seg\u00edts\u00fck \u00d6nt abban, hogy a legjobb d\u00f6nt\u00e9seket hozza meg v\u00e1llalkoz\u00e1sa vagy projektje \u00e9rdek\u00e9ben. \u00cdrjon Nek\u00fcnk!<\/p>\n","protected":false},"author":1,"featured_media":0,"parent":0,"menu_order":0,"comment_status":"closed","ping_status":"closed","template":"","meta":{"site-sidebar-layout":"no-sidebar","site-content-layout":"page-builder","ast-site-content-layout":"full-width-container","site-content-style":"default","site-sidebar-style":"default","ast-global-header-display":"","ast-banner-title-visibility":"","ast-main-header-display":"","ast-hfb-above-header-display":"","ast-hfb-below-header-display":"","ast-hfb-mobile-header-display":"","site-post-title":"disabled","ast-breadcrumbs-content":"","ast-featured-img":"disabled","footer-sml-layout":"","theme-transparent-header-meta":"","adv-header-id-meta":"","stick-header-meta":"","header-above-stick-meta":"","header-main-stick-meta":"","header-below-stick-meta":"","astra-migrate-meta-layouts":"set","ast-page-background-enabled":"default","ast-page-background-meta":{"desktop":{"background-color":"","background-image":"","background-repeat":"repeat","background-position":"center center","background-size":"auto","background-attachment":"scroll","background-type":"","background-media":"","overlay-type":"","overlay-color":"","overlay-opacity":"","overlay-gradient":""},"tablet":{"background-color":"","background-image":"","background-repeat":"repeat","background-position":"center center","background-size":"auto","background-attachment":"scroll","background-type":"","background-media":"","overlay-type":"","overlay-color":"","overlay-opacity":"","overlay-gradient":""},"mobile":{"background-color":"","background-image":"","background-repeat":"repeat","background-position":"center center","background-size":"auto","background-attachment":"scroll","background-type":"","background-media":"","overlay-type":"","overlay-color":"","overlay-opacity":"","overlay-gradient":""}},"ast-content-background-meta":{"desktop":{"background-color":"var(--ast-global-color-5)","background-image":"","background-repeat":"repeat","background-position":"center center","background-size":"auto","background-attachment":"scroll","background-type":"","background-media":"","overlay-type":"","overlay-color":"","overlay-opacity":"","overlay-gradient":""},"tablet":{"background-color":"var(--ast-global-color-5)","background-image":"","background-repeat":"repeat","background-position":"center center","background-size":"auto","background-attachment":"scroll","background-type":"","background-media":"","overlay-type":"","overlay-color":"","overlay-opacity":"","overlay-gradient":""},"mobile":{"background-color":"var(--ast-global-color-5)","background-image":"","background-repeat":"repeat","background-position":"center center","background-size":"auto","background-attachment":"scroll","background-type":"","background-media":"","overlay-type":"","overlay-color":"","overlay-opacity":"","overlay-gradient":""}},"footnotes":""},"class_list":["post-1029","page","type-page","status-publish","hentry"],"_links":{"self":[{"href":"https:\/\/www.masterkredit.hu\/site\/wp-json\/wp\/v2\/pages\/1029"}],"collection":[{"href":"https:\/\/www.masterkredit.hu\/site\/wp-json\/wp\/v2\/pages"}],"about":[{"href":"https:\/\/www.masterkredit.hu\/site\/wp-json\/wp\/v2\/types\/page"}],"author":[{"embeddable":true,"href":"https:\/\/www.masterkredit.hu\/site\/wp-json\/wp\/v2\/users\/1"}],"replies":[{"embeddable":true,"href":"https:\/\/www.masterkredit.hu\/site\/wp-json\/wp\/v2\/comments?post=1029"}],"version-history":[{"count":1,"href":"https:\/\/www.masterkredit.hu\/site\/wp-json\/wp\/v2\/pages\/1029\/revisions"}],"predecessor-version":[{"id":1447,"href":"https:\/\/www.masterkredit.hu\/site\/wp-json\/wp\/v2\/pages\/1029\/revisions\/1447"}],"wp:attachment":[{"href":"https:\/\/www.masterkredit.hu\/site\/wp-json\/wp\/v2\/media?parent=1029"}],"curies":[{"name":"wp","href":"https:\/\/api.w.org\/{rel}","templated":true}]}}