{"id":1035,"date":"2024-09-15T11:32:43","date_gmt":"2024-09-15T09:32:43","guid":{"rendered":"https:\/\/www.masterkredit.hu\/site\/?page_id=1035"},"modified":"2024-10-11T17:34:52","modified_gmt":"2024-10-11T15:34:52","slug":"froccsontes","status":"publish","type":"page","link":"https:\/\/www.masterkredit.hu\/site\/froccsontes\/","title":{"rendered":"Fr\u00f6ccs\u00f6nt\u00e9s"},"content":{"rendered":"\t\t<div data-elementor-type=\"wp-page\" data-elementor-id=\"1035\" class=\"elementor elementor-1035\">\n\t\t\t\t<div class=\"elementor-element elementor-element-1705ec4a e-flex e-con-boxed e-con e-parent\" data-id=\"1705ec4a\" data-element_type=\"container\" data-settings=\"{&quot;background_background&quot;:&quot;classic&quot;}\">\n\t\t\t\t\t<div class=\"e-con-inner\">\n\t\t<div class=\"elementor-element elementor-element-53938025 e-con-full e-flex e-con e-child\" data-id=\"53938025\" data-element_type=\"container\">\n\t\t\t\t<div class=\"elementor-element elementor-element-62f8eef4 elementor-widget elementor-widget-heading\" data-id=\"62f8eef4\" data-element_type=\"widget\" data-widget_type=\"heading.default\">\n\t\t\t\t<div class=\"elementor-widget-container\">\n\t\t\t\t\t<h1 class=\"elementor-heading-title elementor-size-default\">Fr\u00f6ccs\u00f6nt\u00e9s<\/h1>\t\t\t\t<\/div>\n\t\t\t\t<\/div>\n\t\t\t\t<\/div>\n\t\t\t\t\t<\/div>\n\t\t\t\t<\/div>\n\t\t\t\t<section class=\"elementor-section elementor-top-section elementor-element elementor-element-51qwegk elementor-section-content-middle elementor-section-boxed elementor-section-height-default elementor-section-height-default\" data-id=\"51qwegk\" data-element_type=\"section\" data-settings=\"{&quot;background_background&quot;:&quot;classic&quot;}\">\n\t\t\t\t\t\t\t<div class=\"elementor-background-overlay\"><\/div>\n\t\t\t\t\t\t\t<div class=\"elementor-container elementor-column-gap-no\">\n\t\t\t\t\t<div class=\"elementor-column elementor-col-50 elementor-top-column elementor-element elementor-element-47d11e6\" data-id=\"47d11e6\" data-element_type=\"column\">\n\t\t\t<div class=\"elementor-widget-wrap elementor-element-populated\">\n\t\t\t\t\t\t<div class=\"elementor-element elementor-element-51240be elementor-widget elementor-widget-image\" data-id=\"51240be\" data-element_type=\"widget\" data-widget_type=\"image.default\">\n\t\t\t\t<div class=\"elementor-widget-container\">\n\t\t\t\t\t\t\t\t\t\t\t\t\t\t\t<img fetchpriority=\"high\" decoding=\"async\" width=\"1024\" height=\"1024\" src=\"https:\/\/www.masterkredit.hu\/site\/wp-content\/uploads\/2024\/10\/frame_2.png\" class=\"attachment-full size-full wp-image-1188\" alt=\"\" \/>\t\t\t\t\t\t\t\t\t\t\t\t\t\t\t<\/div>\n\t\t\t\t<\/div>\n\t\t\t\t\t<\/div>\n\t\t<\/div>\n\t\t\t\t<div class=\"elementor-column elementor-col-50 elementor-top-column elementor-element elementor-element-e68dcfe\" data-id=\"e68dcfe\" data-element_type=\"column\">\n\t\t\t<div class=\"elementor-widget-wrap elementor-element-populated\">\n\t\t\t\t\t\t<div class=\"elementor-element elementor-element-ff0f137 elementor-widget elementor-widget-heading\" data-id=\"ff0f137\" data-element_type=\"widget\" data-widget_type=\"heading.default\">\n\t\t\t\t<div class=\"elementor-widget-container\">\n\t\t\t\t\t<h3 class=\"elementor-heading-title elementor-size-default\">M\u0171anyaggy\u00e1rt\u00e1s a Legmagasabb Sz\u00ednvonalon!<\/h3>\t\t\t\t<\/div>\n\t\t\t\t<\/div>\n\t\t\t\t<div class=\"elementor-element elementor-element-72da1a5 elementor-widget elementor-widget-text-editor\" data-id=\"72da1a5\" data-element_type=\"widget\" data-widget_type=\"text-editor.default\">\n\t\t\t\t<div class=\"elementor-widget-container\">\n\t\t\t\t\t\t\t\t\t<p>A fr\u00f6ccs\u00f6nt\u00e9s a modern ipar egyik legelterjedtebb \u00e9s leghat\u00e9konyabb m\u00f3dszere a m\u0171anyag term\u00e9kek el\u0151\u00e1ll\u00edt\u00e1s\u00e1ra. A <strong>Master Kredit<\/strong> szak\u00e9rt\u0151 csapata a legkorszer\u0171bb fr\u00f6ccs\u00f6nt\u00e9si technol\u00f3gi\u00e1kat alkalmazza, hogy kiv\u00e1l\u00f3 min\u0151s\u00e9g\u0171 \u00e9s pontosan a k\u00edv\u00e1nt specifik\u00e1ci\u00f3k szerint k\u00e9sz\u00fclt term\u00e9keket biztos\u00edtson.<\/p>\t\t\t\t\t\t\t\t<\/div>\n\t\t\t\t<\/div>\n\t\t\t\t<div class=\"elementor-element elementor-element-a3e8c49 elementor-widget elementor-widget-text-editor\" data-id=\"a3e8c49\" data-element_type=\"widget\" data-widget_type=\"text-editor.default\">\n\t\t\t\t<div class=\"elementor-widget-container\">\n\t\t\t\t\t\t\t\t\t<p>Fr\u00f6ccs\u00f6nt\u00e9si folyamatunk mag\u00e1ban foglalja a tervez\u00e9st, a gy\u00e1rt\u00e1st \u00e9s a min\u0151s\u00e9gellen\u0151rz\u00e9st, biztos\u00edtva ezzel a v\u00e9gterm\u00e9k megb\u00edzhat\u00f3s\u00e1g\u00e1t \u00e9s tart\u00f3ss\u00e1g\u00e1t. A <strong>legmodernebb g\u00e9pek<\/strong> \u00e9s <strong>technol\u00f3gi\u00e1k<\/strong> seg\u00edts\u00e9g\u00e9vel b\u00e1rmilyen bonyolult form\u00e1t \u00e9s mint\u00e1t k\u00f6nnyed\u00e9n el\u0151\u00e1ll\u00edtunk, legyen sz\u00f3 kis vagy nagy sz\u00e9ri\u00e1s gy\u00e1rt\u00e1sr\u00f3l.<\/p>\t\t\t\t\t\t\t\t<\/div>\n\t\t\t\t<\/div>\n\t\t\t\t\t<\/div>\n\t\t<\/div>\n\t\t\t\t\t<\/div>\n\t\t<\/section>\n\t\t\t\t<section class=\"elementor-section elementor-top-section elementor-element elementor-element-dd81d91 elementor-section-content-middle elementor-section-boxed elementor-section-height-default elementor-section-height-default\" data-id=\"dd81d91\" data-element_type=\"section\" data-settings=\"{&quot;background_background&quot;:&quot;classic&quot;}\">\n\t\t\t\t\t\t\t<div class=\"elementor-background-overlay\"><\/div>\n\t\t\t\t\t\t\t<div class=\"elementor-container elementor-column-gap-no\">\n\t\t\t\t\t<div class=\"elementor-column elementor-col-50 elementor-top-column elementor-element elementor-element-622c8c6\" data-id=\"622c8c6\" data-element_type=\"column\">\n\t\t\t<div class=\"elementor-widget-wrap elementor-element-populated\">\n\t\t\t\t\t\t<div class=\"elementor-element elementor-element-71a86c8 elementor-widget elementor-widget-text-editor\" data-id=\"71a86c8\" data-element_type=\"widget\" data-widget_type=\"text-editor.default\">\n\t\t\t\t<div class=\"elementor-widget-container\">\n\t\t\t\t\t\t\t\t\t<p>C\u00e9g\u00fcnk c\u00e9lja, hogy \u00fcgyfeleink ig\u00e9nyeit a legmagasabb sz\u00ednvonalon szolg\u00e1ljuk ki, ez\u00e9rt mindig figyelembe vessz\u00fck az egyedi k\u00f6vetelm\u00e9nyeket. Kiemelten fontos sz\u00e1munkra a fenntarthat\u00f3s\u00e1g, \u00edgy elk\u00f6telezettek vagyunk a k\u00f6rnyezetbar\u00e1t anyagok \u00e9s technol\u00f3gi\u00e1k haszn\u00e1lata mellett.<\/p>\t\t\t\t\t\t\t\t<\/div>\n\t\t\t\t<\/div>\n\t\t\t\t<div class=\"elementor-element elementor-element-d5d9213 elementor-widget elementor-widget-text-editor\" data-id=\"d5d9213\" data-element_type=\"widget\" data-widget_type=\"text-editor.default\">\n\t\t\t\t<div class=\"elementor-widget-container\">\n\t\t\t\t\t\t\t\t\t<p><strong>Ha \u00d6n is szeretne t\u00f6bbet megtudni a fr\u00f6ccs\u00f6nt\u00e9si szolg\u00e1ltat\u00e1sainkr\u00f3l, vagy konzult\u00e1ci\u00f3t k\u00e9rni, keressen minket bizalommal!<\/strong><\/p>\t\t\t\t\t\t\t\t<\/div>\n\t\t\t\t<\/div>\n\t\t\t\t<div class=\"elementor-element elementor-element-c88d6f6 elementor-widget elementor-widget-button\" data-id=\"c88d6f6\" data-element_type=\"widget\" data-widget_type=\"button.default\">\n\t\t\t\t<div class=\"elementor-widget-container\">\n\t\t\t\t\t\t\t\t\t<div class=\"elementor-button-wrapper\">\n\t\t\t\t\t<a class=\"elementor-button elementor-button-link elementor-size-sm\" href=\"\/site\/contact\/\">\n\t\t\t\t\t\t<span class=\"elementor-button-content-wrapper\">\n\t\t\t\t\t\t\t\t\t<span class=\"elementor-button-text\">Kapcsolat<\/span>\n\t\t\t\t\t<\/span>\n\t\t\t\t\t<\/a>\n\t\t\t\t<\/div>\n\t\t\t\t\t\t\t\t<\/div>\n\t\t\t\t<\/div>\n\t\t\t\t\t<\/div>\n\t\t<\/div>\n\t\t\t\t<div class=\"elementor-column elementor-col-50 elementor-top-column elementor-element elementor-element-c43965f\" data-id=\"c43965f\" data-element_type=\"column\">\n\t\t\t<div class=\"elementor-widget-wrap elementor-element-populated\">\n\t\t\t\t\t\t<div class=\"elementor-element elementor-element-90be2d1 elementor-widget elementor-widget-image\" data-id=\"90be2d1\" data-element_type=\"widget\" data-widget_type=\"image.default\">\n\t\t\t\t<div class=\"elementor-widget-container\">\n\t\t\t\t\t\t\t\t\t\t\t\t\t\t\t<img decoding=\"async\" width=\"1024\" height=\"1024\" src=\"https:\/\/www.masterkredit.hu\/site\/wp-content\/uploads\/2024\/10\/frame_1.png\" class=\"attachment-full size-full wp-image-1187\" alt=\"\" \/>\t\t\t\t\t\t\t\t\t\t\t\t\t\t\t<\/div>\n\t\t\t\t<\/div>\n\t\t\t\t\t<\/div>\n\t\t<\/div>\n\t\t\t\t\t<\/div>\n\t\t<\/section>\n\t\t\t\t<\/div>\n\t\t","protected":false},"excerpt":{"rendered":"<p>Fr\u00f6ccs\u00f6nt\u00e9s M\u0171anyaggy\u00e1rt\u00e1s a Legmagasabb Sz\u00ednvonalon! A fr\u00f6ccs\u00f6nt\u00e9s a modern ipar egyik legelterjedtebb \u00e9s leghat\u00e9konyabb m\u00f3dszere a m\u0171anyag term\u00e9kek el\u0151\u00e1ll\u00edt\u00e1s\u00e1ra. A Master Kredit szak\u00e9rt\u0151 csapata a legkorszer\u0171bb fr\u00f6ccs\u00f6nt\u00e9si technol\u00f3gi\u00e1kat alkalmazza, hogy kiv\u00e1l\u00f3 min\u0151s\u00e9g\u0171 \u00e9s pontosan a k\u00edv\u00e1nt specifik\u00e1ci\u00f3k szerint k\u00e9sz\u00fclt term\u00e9keket biztos\u00edtson. Fr\u00f6ccs\u00f6nt\u00e9si folyamatunk mag\u00e1ban foglalja a tervez\u00e9st, a gy\u00e1rt\u00e1st \u00e9s a min\u0151s\u00e9gellen\u0151rz\u00e9st, biztos\u00edtva ezzel a [&hellip;]<\/p>\n","protected":false},"author":1,"featured_media":0,"parent":0,"menu_order":0,"comment_status":"closed","ping_status":"closed","template":"","meta":{"site-sidebar-layout":"no-sidebar","site-content-layout":"page-builder","ast-site-content-layout":"full-width-container","site-content-style":"default","site-sidebar-style":"default","ast-global-header-display":"","ast-banner-title-visibility":"","ast-main-header-display":"","ast-hfb-above-header-display":"","ast-hfb-below-header-display":"","ast-hfb-mobile-header-display":"","site-post-title":"disabled","ast-breadcrumbs-content":"","ast-featured-img":"disabled","footer-sml-layout":"","theme-transparent-header-meta":"","adv-header-id-meta":"","stick-header-meta":"","header-above-stick-meta":"","header-main-stick-meta":"","header-below-stick-meta":"","astra-migrate-meta-layouts":"set","ast-page-background-enabled":"default","ast-page-background-meta":{"desktop":{"background-color":"","background-image":"","background-repeat":"repeat","background-position":"center center","background-size":"auto","background-attachment":"scroll","background-type":"","background-media":"","overlay-type":"","overlay-color":"","overlay-opacity":"","overlay-gradient":""},"tablet":{"background-color":"","background-image":"","background-repeat":"repeat","background-position":"center center","background-size":"auto","background-attachment":"scroll","background-type":"","background-media":"","overlay-type":"","overlay-color":"","overlay-opacity":"","overlay-gradient":""},"mobile":{"background-color":"","background-image":"","background-repeat":"repeat","background-position":"center center","background-size":"auto","background-attachment":"scroll","background-type":"","background-media":"","overlay-type":"","overlay-color":"","overlay-opacity":"","overlay-gradient":""}},"ast-content-background-meta":{"desktop":{"background-color":"var(--ast-global-color-5)","background-image":"","background-repeat":"repeat","background-position":"center center","background-size":"auto","background-attachment":"scroll","background-type":"","background-media":"","overlay-type":"","overlay-color":"","overlay-opacity":"","overlay-gradient":""},"tablet":{"background-color":"var(--ast-global-color-5)","background-image":"","background-repeat":"repeat","background-position":"center center","background-size":"auto","background-attachment":"scroll","background-type":"","background-media":"","overlay-type":"","overlay-color":"","overlay-opacity":"","overlay-gradient":""},"mobile":{"background-color":"var(--ast-global-color-5)","background-image":"","background-repeat":"repeat","background-position":"center center","background-size":"auto","background-attachment":"scroll","background-type":"","background-media":"","overlay-type":"","overlay-color":"","overlay-opacity":"","overlay-gradient":""}},"footnotes":""},"class_list":["post-1035","page","type-page","status-publish","hentry"],"_links":{"self":[{"href":"https:\/\/www.masterkredit.hu\/site\/wp-json\/wp\/v2\/pages\/1035"}],"collection":[{"href":"https:\/\/www.masterkredit.hu\/site\/wp-json\/wp\/v2\/pages"}],"about":[{"href":"https:\/\/www.masterkredit.hu\/site\/wp-json\/wp\/v2\/types\/page"}],"author":[{"embeddable":true,"href":"https:\/\/www.masterkredit.hu\/site\/wp-json\/wp\/v2\/users\/1"}],"replies":[{"embeddable":true,"href":"https:\/\/www.masterkredit.hu\/site\/wp-json\/wp\/v2\/comments?post=1035"}],"version-history":[{"count":0,"href":"https:\/\/www.masterkredit.hu\/site\/wp-json\/wp\/v2\/pages\/1035\/revisions"}],"wp:attachment":[{"href":"https:\/\/www.masterkredit.hu\/site\/wp-json\/wp\/v2\/media?parent=1035"}],"curies":[{"name":"wp","href":"https:\/\/api.w.org\/{rel}","templated":true}]}}