{"id":1111,"date":"2024-09-28T12:25:13","date_gmt":"2024-09-28T10:25:13","guid":{"rendered":"https:\/\/www.masterkredit.hu\/site\/?page_id=1111"},"modified":"2025-01-28T10:49:08","modified_gmt":"2025-01-28T09:49:08","slug":"palyazat-2-0","status":"publish","type":"page","link":"https:\/\/www.masterkredit.hu\/site\/palyazat-2-0\/","title":{"rendered":"P\u00e1ly\u00e1zat 2.0"},"content":{"rendered":"\t\t<div data-elementor-type=\"wp-page\" data-elementor-id=\"1111\" class=\"elementor elementor-1111\">\n\t\t\t\t<div class=\"elementor-element elementor-element-40b2fee e-flex e-con-boxed e-con e-parent\" data-id=\"40b2fee\" data-element_type=\"container\" data-settings=\"{&quot;background_background&quot;:&quot;classic&quot;}\">\n\t\t\t\t\t<div class=\"e-con-inner\">\n\t\t<div class=\"elementor-element elementor-element-9ba56b8 e-con-full e-flex e-con e-child\" data-id=\"9ba56b8\" data-element_type=\"container\">\n\t\t\t\t<div class=\"elementor-element elementor-element-65784e9 elementor-widget elementor-widget-heading\" data-id=\"65784e9\" data-element_type=\"widget\" data-widget_type=\"heading.default\">\n\t\t\t\t<div class=\"elementor-widget-container\">\n\t\t\t\t\t<h1 class=\"elementor-heading-title elementor-size-default\">P\u00e1ly\u00e1zatok<\/h1>\t\t\t\t<\/div>\n\t\t\t\t<\/div>\n\t\t\t\t<\/div>\n\t\t\t\t\t<\/div>\n\t\t\t\t<\/div>\n\t\t<div class=\"elementor-element elementor-element-b530330 e-flex e-con-boxed e-con e-parent\" data-id=\"b530330\" data-element_type=\"container\" data-settings=\"{&quot;background_background&quot;:&quot;classic&quot;}\">\n\t\t\t\t\t<div class=\"e-con-inner\">\n\t\t<div class=\"elementor-element elementor-element-4d2b6e6 e-con-full e-flex e-con e-child\" data-id=\"4d2b6e6\" data-element_type=\"container\">\n\t\t\t\t<\/div>\n\t\t<div class=\"elementor-element elementor-element-137684af e-con-full e-flex e-con e-child\" data-id=\"137684af\" data-element_type=\"container\">\n\t\t\t\t<div class=\"elementor-element elementor-element-6027f1e5 elementor-widget elementor-widget-image\" data-id=\"6027f1e5\" data-element_type=\"widget\" data-widget_type=\"image.default\">\n\t\t\t\t<div class=\"elementor-widget-container\">\n\t\t\t\t\t\t\t\t\t\t\t\t\t\t\t<img fetchpriority=\"high\" decoding=\"async\" width=\"300\" height=\"208\" src=\"https:\/\/www.masterkredit.hu\/site\/wp-content\/uploads\/2024\/09\/infoblokk3-master-300x208-1.jpg\" class=\"attachment-large size-large wp-image-1114\" alt=\"\" \/>\t\t\t\t\t\t\t\t\t\t\t\t\t\t\t<\/div>\n\t\t\t\t<\/div>\n\t\t\t\t<\/div>\n\t\t\t\t\t<\/div>\n\t\t\t\t<\/div>\n\t\t<div class=\"elementor-element elementor-element-53de5891 e-flex e-con-boxed e-con e-parent\" data-id=\"53de5891\" data-element_type=\"container\" data-settings=\"{&quot;background_background&quot;:&quot;classic&quot;}\">\n\t\t\t\t\t<div class=\"e-con-inner\">\n\t\t<div class=\"elementor-element elementor-element-3fc96283 e-con-full e-flex e-con e-child\" data-id=\"3fc96283\" data-element_type=\"container\">\n\t\t\t\t<div class=\"elementor-element elementor-element-17fe7d54 elementor-widget elementor-widget-heading\" data-id=\"17fe7d54\" data-element_type=\"widget\" data-widget_type=\"heading.default\">\n\t\t\t\t<div class=\"elementor-widget-container\">\n\t\t\t\t\t<h5 class=\"elementor-heading-title elementor-size-default\">Master Kredit <\/h5>\t\t\t\t<\/div>\n\t\t\t\t<\/div>\n\t\t\t\t<div class=\"elementor-element elementor-element-34598d0 elementor-widget elementor-widget-heading\" data-id=\"34598d0\" data-element_type=\"widget\" data-widget_type=\"heading.default\">\n\t\t\t\t<div class=\"elementor-widget-container\">\n\t\t\t\t\t<h2 class=\"elementor-heading-title elementor-size-default\">GYAKORNOKI PROGRAM MEGVAL\u00d3S\u00cdT\u00c1SA A MASTER \u2013 KREDIT KFT -N\u00c9L\u201d<\/h2>\t\t\t\t<\/div>\n\t\t\t\t<\/div>\n\t\t\t\t<div class=\"elementor-element elementor-element-68c2e652 elementor-widget elementor-widget-text-editor\" data-id=\"68c2e652\" data-element_type=\"widget\" data-widget_type=\"text-editor.default\">\n\t\t\t\t<div class=\"elementor-widget-container\">\n\t\t\t\t\t\t\t\t\tProjekt kezdet: 2019.09.20\nTervezett befejez\u00e9s: 2021.03.03.\t\t\t\t\t\t\t\t<\/div>\n\t\t\t\t<\/div>\n\t\t\t\t<div class=\"elementor-element elementor-element-784d9c39 elementor-widget elementor-widget-text-editor\" data-id=\"784d9c39\" data-element_type=\"widget\" data-widget_type=\"text-editor.default\">\n\t\t\t\t<div class=\"elementor-widget-container\">\n\t\t\t\t\t\t\t\t\t<p>MASTER-KREDIT KFT<br \/>5525 F\u00fczesgyarmat, SZ\u00c9CHENYI U 8.<br \/>ad\u00f3sz\u00e1m: 13787307-2-04<\/p>\t\t\t\t\t\t\t\t<\/div>\n\t\t\t\t<\/div>\n\t\t\t\t<div class=\"elementor-element elementor-element-71ad4abe elementor-widget elementor-widget-text-editor\" data-id=\"71ad4abe\" data-element_type=\"widget\" data-widget_type=\"text-editor.default\">\n\t\t\t\t<div class=\"elementor-widget-container\">\n\t\t\t\t\t\t\t\t\tA MASTER-KREDIT KFT 19,098 M Ft vissza nem t\u00e9r\u00edtend\u0151 eur\u00f3pai uni\u00f3s t\u00e1mogat\u00e1st nyert el,\nmelynek seg\u00edts\u00e9g\u00e9vel F\u00fczesgyarmaton k\u00edv\u00e1nnak beruh\u00e1z\u00e1st v\u00e9grehajtani, mely c\u00e9lja g\u00e9pek\nbeszerz\u00e9se valamint gyakornokok foglalkoztat\u00e1sa. A t\u00e1mogat\u00e1s intenzit\u00e1sa: 100 %. A\nprojekt futamideje 18 h\u00f3nap, c\u00e9lja feldolgoz\u00f3ipari tev\u00e9kenys\u00e9g folytat\u00e1sa, karton doboz\nterm\u00e9kek gy\u00e1rt\u00e1sa, \u00e9rt\u00e9kes\u00edt\u00e9se, forgalmaz\u00e1sa. A fejleszt\u00e9s eredm\u00e9nyek\u00e9nt megval\u00f3sul\nberuh\u00e1z\u00e1s eszk\u00f6z-g\u00e9p beszerz\u00e9ssel, 6 f\u0151 gyakornok-p\u00e1lyakezd\u0151 foglalkoztat\u00e1sa 1 f\u0151 mentor\nseg\u00edts\u00e9g\u00e9vel.<\/pre>\t\t\t\t\t\t\t\t<\/div>\n\t\t\t\t<\/div>\n\t\t<div class=\"elementor-element elementor-element-45f5055c e-grid e-con-full e-con e-child\" data-id=\"45f5055c\" data-element_type=\"container\">\n\t\t\t\t<div class=\"elementor-element elementor-element-908e9e2 elementor-widget elementor-widget-image\" data-id=\"908e9e2\" data-element_type=\"widget\" data-widget_type=\"image.default\">\n\t\t\t\t<div class=\"elementor-widget-container\">\n\t\t\t\t\t\t\t\t\t\t\t\t\t\t\t<img decoding=\"async\" width=\"1024\" height=\"725\" src=\"https:\/\/www.masterkredit.hu\/site\/wp-content\/uploads\/2024\/09\/GINOP-524-tabla-1024x725-1.jpg\" class=\"attachment-large size-large wp-image-1115\" alt=\"\" \/>\t\t\t\t\t\t\t\t\t\t\t\t\t\t\t<\/div>\n\t\t\t\t<\/div>\n\t\t\t\t<\/div>\n\t\t\t\t<\/div>\n\t\t\t\t\t<\/div>\n\t\t\t\t<\/div>\n\t\t\t\t<\/div>\n\t\t","protected":false},"excerpt":{"rendered":"<p>P\u00e1ly\u00e1zatok Master Kredit GYAKORNOKI PROGRAM MEGVAL\u00d3S\u00cdT\u00c1SA A MASTER \u2013 KREDIT KFT -N\u00c9L\u201d Projekt kezdet: 2019.09.20 Tervezett befejez\u00e9s: 2021.03.03. MASTER-KREDIT KFT5525 F\u00fczesgyarmat, SZ\u00c9CHENYI U 8.ad\u00f3sz\u00e1m: 13787307-2-04 A MASTER-KREDIT KFT 19,098 M Ft vissza nem t\u00e9r\u00edtend\u0151 eur\u00f3pai uni\u00f3s t\u00e1mogat\u00e1st nyert el, melynek seg\u00edts\u00e9g\u00e9vel F\u00fczesgyarmaton k\u00edv\u00e1nnak beruh\u00e1z\u00e1st v\u00e9grehajtani, mely c\u00e9lja g\u00e9pek beszerz\u00e9se valamint gyakornokok foglalkoztat\u00e1sa. A t\u00e1mogat\u00e1s intenzit\u00e1sa: [&hellip;]<\/p>\n","protected":false},"author":1,"featured_media":0,"parent":0,"menu_order":0,"comment_status":"closed","ping_status":"closed","template":"","meta":{"site-sidebar-layout":"no-sidebar","site-content-layout":"page-builder","ast-site-content-layout":"full-width-container","site-content-style":"default","site-sidebar-style":"default","ast-global-header-display":"","ast-banner-title-visibility":"","ast-main-header-display":"","ast-hfb-above-header-display":"","ast-hfb-below-header-display":"","ast-hfb-mobile-header-display":"","site-post-title":"disabled","ast-breadcrumbs-content":"","ast-featured-img":"disabled","footer-sml-layout":"","theme-transparent-header-meta":"","adv-header-id-meta":"","stick-header-meta":"","header-above-stick-meta":"","header-main-stick-meta":"","header-below-stick-meta":"","astra-migrate-meta-layouts":"set","ast-page-background-enabled":"default","ast-page-background-meta":{"desktop":{"background-color":"","background-image":"","background-repeat":"repeat","background-position":"center center","background-size":"auto","background-attachment":"scroll","background-type":"","background-media":"","overlay-type":"","overlay-color":"","overlay-opacity":"","overlay-gradient":""},"tablet":{"background-color":"","background-image":"","background-repeat":"repeat","background-position":"center center","background-size":"auto","background-attachment":"scroll","background-type":"","background-media":"","overlay-type":"","overlay-color":"","overlay-opacity":"","overlay-gradient":""},"mobile":{"background-color":"","background-image":"","background-repeat":"repeat","background-position":"center center","background-size":"auto","background-attachment":"scroll","background-type":"","background-media":"","overlay-type":"","overlay-color":"","overlay-opacity":"","overlay-gradient":""}},"ast-content-background-meta":{"desktop":{"background-color":"var(--ast-global-color-5)","background-image":"","background-repeat":"repeat","background-position":"center center","background-size":"auto","background-attachment":"scroll","background-type":"","background-media":"","overlay-type":"","overlay-color":"","overlay-opacity":"","overlay-gradient":""},"tablet":{"background-color":"var(--ast-global-color-5)","background-image":"","background-repeat":"repeat","background-position":"center center","background-size":"auto","background-attachment":"scroll","background-type":"","background-media":"","overlay-type":"","overlay-color":"","overlay-opacity":"","overlay-gradient":""},"mobile":{"background-color":"var(--ast-global-color-5)","background-image":"","background-repeat":"repeat","background-position":"center center","background-size":"auto","background-attachment":"scroll","background-type":"","background-media":"","overlay-type":"","overlay-color":"","overlay-opacity":"","overlay-gradient":""}},"footnotes":""},"class_list":["post-1111","page","type-page","status-publish","hentry"],"_links":{"self":[{"href":"https:\/\/www.masterkredit.hu\/site\/wp-json\/wp\/v2\/pages\/1111"}],"collection":[{"href":"https:\/\/www.masterkredit.hu\/site\/wp-json\/wp\/v2\/pages"}],"about":[{"href":"https:\/\/www.masterkredit.hu\/site\/wp-json\/wp\/v2\/types\/page"}],"author":[{"embeddable":true,"href":"https:\/\/www.masterkredit.hu\/site\/wp-json\/wp\/v2\/users\/1"}],"replies":[{"embeddable":true,"href":"https:\/\/www.masterkredit.hu\/site\/wp-json\/wp\/v2\/comments?post=1111"}],"version-history":[{"count":6,"href":"https:\/\/www.masterkredit.hu\/site\/wp-json\/wp\/v2\/pages\/1111\/revisions"}],"predecessor-version":[{"id":1481,"href":"https:\/\/www.masterkredit.hu\/site\/wp-json\/wp\/v2\/pages\/1111\/revisions\/1481"}],"wp:attachment":[{"href":"https:\/\/www.masterkredit.hu\/site\/wp-json\/wp\/v2\/media?parent=1111"}],"curies":[{"name":"wp","href":"https:\/\/api.w.org\/{rel}","templated":true}]}}