{"id":486,"date":"2024-09-14T17:39:52","date_gmt":"2024-09-14T15:39:52","guid":{"rendered":"https:\/\/www.masterkredit.hu\/site\/about\/"},"modified":"2024-11-09T10:37:51","modified_gmt":"2024-11-09T09:37:51","slug":"palyazataink_1","status":"publish","type":"page","link":"https:\/\/www.masterkredit.hu\/site\/palyazataink_1\/","title":{"rendered":"P\u00e1lyazataink"},"content":{"rendered":"\t\t<div data-elementor-type=\"wp-page\" data-elementor-id=\"486\" class=\"elementor elementor-486\">\n\t\t\t\t<div class=\"elementor-element elementor-element-5ab9e6f6 e-flex e-con-boxed e-con e-parent\" data-id=\"5ab9e6f6\" data-element_type=\"container\" data-settings=\"{&quot;background_background&quot;:&quot;classic&quot;}\">\n\t\t\t\t\t<div class=\"e-con-inner\">\n\t\t<div class=\"elementor-element elementor-element-7ddf2dbd e-con-full e-flex e-con e-child\" data-id=\"7ddf2dbd\" data-element_type=\"container\">\n\t\t\t\t<div class=\"elementor-element elementor-element-6ffc5af6 elementor-widget elementor-widget-heading\" data-id=\"6ffc5af6\" data-element_type=\"widget\" data-widget_type=\"heading.default\">\n\t\t\t\t<div class=\"elementor-widget-container\">\n\t\t\t\t\t<h1 class=\"elementor-heading-title elementor-size-default\">P\u00e1ly\u00e1zataink<\/h1>\t\t\t\t<\/div>\n\t\t\t\t<\/div>\n\t\t\t\t<\/div>\n\t\t\t\t\t<\/div>\n\t\t\t\t<\/div>\n\t\t<div class=\"elementor-element elementor-element-7617374 e-flex e-con-boxed e-con e-parent\" data-id=\"7617374\" data-element_type=\"container\">\n\t\t\t\t\t<div class=\"e-con-inner\">\n\t\t<div class=\"elementor-element elementor-element-d9f671e e-con-full e-flex e-con e-child\" data-id=\"d9f671e\" data-element_type=\"container\">\n\t\t\t\t<\/div>\n\t\t<div class=\"elementor-element elementor-element-41068fd e-con-full e-flex e-con e-child\" data-id=\"41068fd\" data-element_type=\"container\">\n\t\t\t\t<div class=\"elementor-element elementor-element-cf8964b elementor-widget elementor-widget-image\" data-id=\"cf8964b\" data-element_type=\"widget\" data-widget_type=\"image.default\">\n\t\t\t\t<div class=\"elementor-widget-container\">\n\t\t\t\t\t\t\t\t\t\t\t\t\t\t\t<img fetchpriority=\"high\" decoding=\"async\" width=\"1024\" height=\"292\" src=\"https:\/\/www.masterkredit.hu\/site\/wp-content\/uploads\/2024\/09\/ginop-plusz-logo-1024x292-1.png\" class=\"attachment-large size-large wp-image-1080\" alt=\"\" \/>\t\t\t\t\t\t\t\t\t\t\t\t\t\t\t<\/div>\n\t\t\t\t<\/div>\n\t\t\t\t<\/div>\n\t\t\t\t\t<\/div>\n\t\t\t\t<\/div>\n\t\t<div class=\"elementor-element elementor-element-e911eb2 e-flex e-con-boxed e-con e-parent\" data-id=\"e911eb2\" data-element_type=\"container\">\n\t\t\t\t\t<div class=\"e-con-inner\">\n\t\t<div class=\"elementor-element elementor-element-a960193 e-con-full e-flex e-con e-child\" data-id=\"a960193\" data-element_type=\"container\">\n\t\t\t\t<div class=\"elementor-element elementor-element-11d738e elementor-widget elementor-widget-heading\" data-id=\"11d738e\" data-element_type=\"widget\" data-widget_type=\"heading.default\">\n\t\t\t\t<div class=\"elementor-widget-container\">\n\t\t\t\t\t<h3 class=\"elementor-heading-title elementor-size-default\">Ingatlan- \u00e9s technol\u00f3gia-fejleszt\u00e9s a MASTER-KREDIT Kft-n\u00e9l\n<\/h3>\t\t\t\t<\/div>\n\t\t\t\t<\/div>\n\t\t\t\t<div class=\"elementor-element elementor-element-13ab159 elementor-widget elementor-widget-text-editor\" data-id=\"13ab159\" data-element_type=\"widget\" data-widget_type=\"text-editor.default\">\n\t\t\t\t<div class=\"elementor-widget-container\">\n\t\t\t\t\t\t\t\t\t<h5>A MASTER-KREDIT Kft. \u00f6sszesen 67 milli\u00f3 forint felt\u00e9telesen visszat\u00e9r\u00edtend\u0151 t\u00e1mogat\u00e1st nyert a<br \/>\u201eGINOP Plusz-1.2.1-21- A mikro-, kis- \u00e9s k\u00f6z\u00e9pv\u00e1llalkoz\u00e1sok modern \u00fczleti \u00e9s termel\u00e9si<br \/>kih\u00edv\u00e1sokhoz val\u00f3 alkalmazkod\u00e1s\u00e1t seg\u00edt\u0151 fejleszt\u00e9sek t\u00e1mogat\u00e1sa\u201d c\u00edm\u0171 konstrukci\u00f3 keret\u00e9ben.<br \/>Az \u201eIngatlan- \u00e9s technol\u00f3gia-fejleszt\u00e9s a MASTER-KREDIT Kft-n\u00e9l\u201d c\u00edm\u0171 projekt az Eur\u00f3pai Uni\u00f3<br \/>felt\u00e9telesen visszat\u00e9r\u00edtend\u0151 t\u00e1mogat\u00e1s\u00e1val val\u00f3sult meg.<\/h5>\t\t\t\t\t\t\t\t<\/div>\n\t\t\t\t<\/div>\n\t\t\t\t<div class=\"elementor-element elementor-element-f13b8de elementor-widget elementor-widget-text-editor\" data-id=\"f13b8de\" data-element_type=\"widget\" data-widget_type=\"text-editor.default\">\n\t\t\t\t<div class=\"elementor-widget-container\">\n\t\t\t\t\t\t\t\t\t<strong>A fejleszt\u00e9s c\u00e9lja:<\/strong>\nA 95 milli\u00f3 forint \u00f6sszk\u00f6lts\u00e9g\u0171 projekt c\u00e9lja, hogy megteremtse a v\u00e1llalkoz\u00e1sunk sz\u00e1m\u00e1ra sz\u00fcks\u00e9ges\ninfrastruktur\u00e1lis \u00e9s technol\u00f3giai h\u00e1tteret, amely r\u00e9v\u00e9n javul az er\u0151forr\u00e1s-hat\u00e9konys\u00e1g \u00e9s az el\u0151\u00e1ll\u00edtott\nterm\u00e9kek min\u0151s\u00e9ge, ez pedig magasabb termel\u00e9kenys\u00e9gi szinthez vezet.\t\t\t\t\t\t\t\t<\/div>\n\t\t\t\t<\/div>\n\t\t\t\t<div class=\"elementor-element elementor-element-1163fed elementor-widget elementor-widget-text-editor\" data-id=\"1163fed\" data-element_type=\"widget\" data-widget_type=\"text-editor.default\">\n\t\t\t\t<div class=\"elementor-widget-container\">\n\t\t\t\t\t\t\t\t\t<strong>A projekt elemei:<\/strong>\n1. F\u00fczesgyarmati telephely\u00fcnk\u00f6n jelen t\u00e1mogat\u00e1s seg\u00edts\u00e9g\u00e9vel egy \u00faj, korszer\u0171, minden 21. sz\u00e1zadi\nig\u00e9nyt kiel\u00e9g\u00edt\u0151 ingatlant hoztunk l\u00e9tre \u00e1talak\u00edt\u00e1ssal.\t\t\t\t\t\t\t\t<\/div>\n\t\t\t\t<\/div>\n\t\t\t\t<div class=\"elementor-element elementor-element-e248947 elementor-widget elementor-widget-text-editor\" data-id=\"e248947\" data-element_type=\"widget\" data-widget_type=\"text-editor.default\">\n\t\t\t\t<div class=\"elementor-widget-container\">\n\t\t\t\t\t\t\t\t\t2. G\u00e9pbeszerz\u00e9sek keret\u00e9ben 1 db textil ipari l\u00e9zerv\u00e1g\u00f3 szab\u00e1szg\u00e9p beszerz\u00e9se val\u00f3sult meg, mellyel\nlehet\u0151s\u00e9g ny\u00edlik a g\u00e9pi textil darabol\u00e1sra, valamint a berendez\u00e9s alkalmas b\u00e9rmunka keret\u00e9ben\nvarrod\u00e1k sz\u00e1m\u00e1ra is szab\u00f3s\u00e1gi feladatok elv\u00e9gz\u00e9s\u00e9re.\t\t\t\t\t\t\t\t<\/div>\n\t\t\t\t<\/div>\n\t\t\t\t<div class=\"elementor-element elementor-element-5f6b567 elementor-widget elementor-widget-text-editor\" data-id=\"5f6b567\" data-element_type=\"widget\" data-widget_type=\"text-editor.default\">\n\t\t\t\t<div class=\"elementor-widget-container\">\n\t\t\t\t\t\t\t\t\t3. Beszerz\u00e9sre ker\u00fclt tov\u00e1bb\u00e1 1 db raklapf\u00f3li\u00e1z\u00f3 g\u00e9p, mellyel a g\u00e9prongy csomagok b\u00e1l\u00e1ba t\u00f6rt\u00e9n\u0151\ncsomagol\u00e1s\u00e1t tudjuk elv\u00e9gezni.\t\t\t\t\t\t\t\t<\/div>\n\t\t\t\t<\/div>\n\t\t\t\t<div class=\"elementor-element elementor-element-4e7dbd7 elementor-widget elementor-widget-text-editor\" data-id=\"4e7dbd7\" data-element_type=\"widget\" data-widget_type=\"text-editor.default\">\n\t\t\t\t<div class=\"elementor-widget-container\">\n\t\t\t\t\t\t\t\t\t4. Az energiahat\u00e9kony m\u0171k\u00f6d\u00e9s \u00e9rdek\u00e9ben meg\u00fajul\u00f3 energia haszn\u00e1lata \u00e9rdek\u00e9ben egy napelemes\nrendszert telep\u00edtett\u00fcnk, mellyel a k\u00f6rnyezeti fenntarthat\u00f3s\u00e1g elv\u00e9t szem el\u0151tt tartva lehet\u0151v\u00e9 v\u00e1lik az\n\u00fczleti folyamatok energiahat\u00e9konys\u00e1g\u00e1nak jav\u00edt\u00e1sa is, k\u00f6lts\u00e9ghat\u00e9konyabb, energiaf\u00fcggetlenebb\nm\u0171k\u00f6d\u00e9s mellett.\t\t\t\t\t\t\t\t<\/div>\n\t\t\t\t<\/div>\n\t\t\t\t<div class=\"elementor-element elementor-element-0e989e4 elementor-widget elementor-widget-text-editor\" data-id=\"0e989e4\" data-element_type=\"widget\" data-widget_type=\"text-editor.default\">\n\t\t\t\t<div class=\"elementor-widget-container\">\n\t\t\t\t\t\t\t\t\t5. Munkav\u00e1llal\u00f3ink fejleszt\u00e9s\u00e9t szolg\u00e1l\u00f3 k\u00e9pz\u00e9seket val\u00f3s\u00edtunk meg. A digit\u00e1lis kompetenciafejleszt\u00e9s\nk\u00e9pz\u00e9s keret\u00e9ben t\u00e1bl\u00e1zatkezel\u00e9si alapokat saj\u00e1t\u00edtj\u00e1k el munkav\u00e1llal\u00f3ink, mely sz\u00fcks\u00e9ges a\ntervez\u00e9shez, monitoringoz\u00e1shoz, \u00fczleti folyamataink nyilv\u00e1ntart\u00e1s\u00e1hoz \u00e9s kimutat\u00e1sok k\u00e9sz\u00edt\u00e9s\u00e9hez.\t\t\t\t\t\t\t\t<\/div>\n\t\t\t\t<\/div>\n\t\t\t\t<div class=\"elementor-element elementor-element-796b365 elementor-widget elementor-widget-text-editor\" data-id=\"796b365\" data-element_type=\"widget\" data-widget_type=\"text-editor.default\">\n\t\t\t\t<div class=\"elementor-widget-container\">\n\t\t\t\t\t\t\t\t\t6. A c\u00e9g digit\u00e1lis transzform\u00e1ci\u00f3j\u00e1nak el\u0151seg\u00edt\u00e9s\u00e9vel kapcsolatos tan\u00e1csad\u00e1st is ig\u00e9nybe vett\u00fcnk a\ndigit\u00e1lis hat\u00e9konys\u00e1g fejleszt\u00e9se \u00e9rdek\u00e9ben.\t\t\t\t\t\t\t\t<\/div>\n\t\t\t\t<\/div>\n\t\t\t\t<div class=\"elementor-element elementor-element-d35e1e9 elementor-widget elementor-widget-text-editor\" data-id=\"d35e1e9\" data-element_type=\"widget\" data-widget_type=\"text-editor.default\">\n\t\t\t\t<div class=\"elementor-widget-container\">\n\t\t\t\t\t\t\t\t\tA GINOP_PLUSZ-1.2.1-21-2021-01306 azonos\u00edt\u00f3sz\u00e1m\u00fa projekt a Sz\u00e9chenyi Terv Plusz program\nkeret\u00e9ben az Eur\u00f3pai Region\u00e1lis Fejleszt\u00e9si Alapb\u00f3l \u00e9s hazai k\u00f6zponti k\u00f6lts\u00e9gvet\u00e9s t\u00e1mogat\u00e1s\u00e1val\nval\u00f3sult meg.\t\t\t\t\t\t\t\t<\/div>\n\t\t\t\t<\/div>\n\t\t\t\t<div class=\"elementor-element elementor-element-18b4310 elementor-widget elementor-widget-text-editor\" data-id=\"18b4310\" data-element_type=\"widget\" data-widget_type=\"text-editor.default\">\n\t\t\t\t<div class=\"elementor-widget-container\">\n\t\t\t\t\t\t\t\t\t<p>A projekt \u00f6sszefoglal\u00f3 adatai:<br \/>Projekt c\u00edme: Ingatlan- \u00e9s technol\u00f3gia-fejleszt\u00e9s a MASTER-KREDIT Kft-n\u00e9l<br \/>Projekt azonos\u00edt\u00f3sz\u00e1ma: GINOP_PLUSZ-1.2.1-21-2021-01306<br \/>Kedvezm\u00e9nyezett: MASTER-KREDIT Kereskedelmi \u00e9s Szolg\u00e1ltat\u00f3 Korl\u00e1tolt Felel\u0151ss\u00e9g\u0171 T\u00e1rsas\u00e1g<br \/>T\u00e1mogat\u00e1s \u00f6sszege: 67.042.591 Ft<br \/>T\u00e1mogat\u00e1s m\u00e9rt\u00e9ke: 70%<br \/>A megval\u00f3s\u00edt\u00e1s helysz\u00edne: A MASTER-KREDIT Kft. f\u00fczesgyarmati telephelye<br \/>A projekt 2023. november 30-\u00e1n z\u00e1rult.<\/p>\t\t\t\t\t\t\t\t<\/div>\n\t\t\t\t<\/div>\n\t\t\t\t<div class=\"elementor-element elementor-element-c369aa6 elementor-widget elementor-widget-text-editor\" data-id=\"c369aa6\" data-element_type=\"widget\" data-widget_type=\"text-editor.default\">\n\t\t\t\t<div class=\"elementor-widget-container\">\n\t\t\t\t\t\t\t\t\t<p>Tov\u00e1bbi inform\u00e1ci\u00f3 k\u00e9rhet\u0151:<br \/>N\u00e9v: Bere K\u00e1roly \u00fcgyvezet\u0151<br \/>El\u00e9rhet\u0151s\u00e9g: 06-20-365-3165, berekaroly@gmail.com<\/p>\t\t\t\t\t\t\t\t<\/div>\n\t\t\t\t<\/div>\n\t\t<div class=\"elementor-element elementor-element-2ff90c1 e-grid e-con-full e-con e-child\" data-id=\"2ff90c1\" data-element_type=\"container\">\n\t\t\t\t<div class=\"elementor-element elementor-element-57f67f0 elementor-widget elementor-widget-image\" data-id=\"57f67f0\" data-element_type=\"widget\" data-widget_type=\"image.default\">\n\t\t\t\t<div class=\"elementor-widget-container\">\n\t\t\t\t\t\t\t\t\t\t\t\t\t\t\t<img decoding=\"async\" width=\"708\" height=\"295\" src=\"https:\/\/www.masterkredit.hu\/site\/wp-content\/uploads\/2024\/09\/2_infoblokk_2020_ESZA_3C.jpg\" class=\"attachment-medium_large size-medium_large wp-image-1089\" alt=\"\" \/>\t\t\t\t\t\t\t\t\t\t\t\t\t\t\t<\/div>\n\t\t\t\t<\/div>\n\t\t\t\t<\/div>\n\t\t\t\t<\/div>\n\t\t\t\t\t<\/div>\n\t\t\t\t<\/div>\n\t\t<div class=\"elementor-element elementor-element-082b318 e-flex e-con-boxed e-con e-parent\" data-id=\"082b318\" data-element_type=\"container\" data-settings=\"{&quot;background_background&quot;:&quot;classic&quot;}\">\n\t\t\t\t\t<div class=\"e-con-inner\">\n\t\t<div class=\"elementor-element elementor-element-9c769e4 e-con-full e-flex e-con e-child\" data-id=\"9c769e4\" data-element_type=\"container\">\n\t\t\t\t<div class=\"elementor-element elementor-element-c8e0c4b elementor-view-stacked elementor-vertical-align-middle elementor-position-left elementor-shape-circle elementor-mobile-position-top elementor-widget elementor-widget-icon-box\" data-id=\"c8e0c4b\" data-element_type=\"widget\" data-widget_type=\"icon-box.default\">\n\t\t\t\t<div class=\"elementor-widget-container\">\n\t\t\t\t\t\t\t<div class=\"elementor-icon-box-wrapper\">\n\n\t\t\t\t\t\t<div class=\"elementor-icon-box-icon\">\n\t\t\t\t<span  class=\"elementor-icon\">\n\t\t\t\t<svg aria-hidden=\"true\" class=\"e-font-icon-svg e-fas-phone-alt\" viewBox=\"0 0 512 512\" xmlns=\"http:\/\/www.w3.org\/2000\/svg\"><path d=\"M497.39 361.8l-112-48a24 24 0 0 0-28 6.9l-49.6 60.6A370.66 370.66 0 0 1 130.6 204.11l60.6-49.6a23.94 23.94 0 0 0 6.9-28l-48-112A24.16 24.16 0 0 0 122.6.61l-104 24A24 24 0 0 0 0 48c0 256.5 207.9 464 464 464a24 24 0 0 0 23.4-18.6l24-104a24.29 24.29 0 0 0-14.01-27.6z\"><\/path><\/svg>\t\t\t\t<\/span>\n\t\t\t<\/div>\n\t\t\t\n\t\t\t\t\t\t<div class=\"elementor-icon-box-content\">\n\n\t\t\t\t\t\t\t\t\t<h5 class=\"elementor-icon-box-title\">\n\t\t\t\t\t\t<span  >\n\t\t\t\t\t\t\tH\u00edvjon Minket\t\t\t\t\t\t<\/span>\n\t\t\t\t\t<\/h5>\n\t\t\t\t\n\t\t\t\t\t\t\t\t\t<p class=\"elementor-icon-box-description\">\n\t\t\t\t\t\t+123 456 7890\t\t\t\t\t<\/p>\n\t\t\t\t\n\t\t\t<\/div>\n\t\t\t\n\t\t<\/div>\n\t\t\t\t\t\t<\/div>\n\t\t\t\t<\/div>\n\t\t\t\t<\/div>\n\t\t<div class=\"elementor-element elementor-element-54c7f6f e-con-full e-flex e-con e-child\" data-id=\"54c7f6f\" data-element_type=\"container\">\n\t\t\t\t<div class=\"elementor-element elementor-element-2de2fd3 elementor-view-stacked elementor-vertical-align-middle elementor-position-left elementor-shape-circle elementor-mobile-position-top elementor-widget elementor-widget-icon-box\" data-id=\"2de2fd3\" data-element_type=\"widget\" data-widget_type=\"icon-box.default\">\n\t\t\t\t<div class=\"elementor-widget-container\">\n\t\t\t\t\t\t\t<div class=\"elementor-icon-box-wrapper\">\n\n\t\t\t\t\t\t<div class=\"elementor-icon-box-icon\">\n\t\t\t\t<span  class=\"elementor-icon\">\n\t\t\t\t<svg aria-hidden=\"true\" class=\"e-font-icon-svg e-fas-map-marker-alt\" viewBox=\"0 0 384 512\" xmlns=\"http:\/\/www.w3.org\/2000\/svg\"><path d=\"M172.268 501.67C26.97 291.031 0 269.413 0 192 0 85.961 85.961 0 192 0s192 85.961 192 192c0 77.413-26.97 99.031-172.268 309.67-9.535 13.774-29.93 13.773-39.464 0zM192 272c44.183 0 80-35.817 80-80s-35.817-80-80-80-80 35.817-80 80 35.817 80 80 80z\"><\/path><\/svg>\t\t\t\t<\/span>\n\t\t\t<\/div>\n\t\t\t\n\t\t\t\t\t\t<div class=\"elementor-icon-box-content\">\n\n\t\t\t\t\t\t\t\t\t<h5 class=\"elementor-icon-box-title\">\n\t\t\t\t\t\t<span  >\n\t\t\t\t\t\t\t5525 F\u00fczesgyarmat, Sz\u00e9chenyi \u00fat 8.\t\t\t\t\t\t<\/span>\n\t\t\t\t\t<\/h5>\n\t\t\t\t\n\t\t\t\t\n\t\t\t<\/div>\n\t\t\t\n\t\t<\/div>\n\t\t\t\t\t\t<\/div>\n\t\t\t\t<\/div>\n\t\t\t\t<\/div>\n\t\t<div class=\"elementor-element elementor-element-a671885 e-con-full e-flex e-con e-child\" data-id=\"a671885\" data-element_type=\"container\">\n\t\t\t\t<div class=\"elementor-element elementor-element-9358452 elementor-widget elementor-widget-heading\" data-id=\"9358452\" data-element_type=\"widget\" data-widget_type=\"heading.default\">\n\t\t\t\t<div class=\"elementor-widget-container\">\n\t\t\t\t\t<h4 class=\"elementor-heading-title elementor-size-default\">K\u00e9rd\u00e9se van?<\/h4>\t\t\t\t<\/div>\n\t\t\t\t<\/div>\n\t\t\t\t<\/div>\n\t\t<div class=\"elementor-element elementor-element-c5f511e e-con-full e-flex e-con e-child\" data-id=\"c5f511e\" data-element_type=\"container\">\n\t\t\t\t<div class=\"elementor-element elementor-element-e2f9756 elementor-align-right elementor-tablet-align-center elementor-widget elementor-widget-button\" data-id=\"e2f9756\" data-element_type=\"widget\" data-widget_type=\"button.default\">\n\t\t\t\t<div class=\"elementor-widget-container\">\n\t\t\t\t\t\t\t\t\t<div class=\"elementor-button-wrapper\">\n\t\t\t\t\t<a class=\"elementor-button elementor-button-link elementor-size-sm\" href=\"#\">\n\t\t\t\t\t\t<span class=\"elementor-button-content-wrapper\">\n\t\t\t\t\t\t\t\t\t<span class=\"elementor-button-text\"> \u00cdrjon nek\u00fcnk!<\/span>\n\t\t\t\t\t<\/span>\n\t\t\t\t\t<\/a>\n\t\t\t\t<\/div>\n\t\t\t\t\t\t\t\t<\/div>\n\t\t\t\t<\/div>\n\t\t\t\t<\/div>\n\t\t\t\t\t<\/div>\n\t\t\t\t<\/div>\n\t\t\t\t<\/div>\n\t\t","protected":false},"excerpt":{"rendered":"<p>P\u00e1ly\u00e1zataink Ingatlan- \u00e9s technol\u00f3gia-fejleszt\u00e9s a MASTER-KREDIT Kft-n\u00e9l A MASTER-KREDIT Kft. \u00f6sszesen 67 milli\u00f3 forint felt\u00e9telesen visszat\u00e9r\u00edtend\u0151 t\u00e1mogat\u00e1st nyert a\u201eGINOP Plusz-1.2.1-21- A mikro-, kis- \u00e9s k\u00f6z\u00e9pv\u00e1llalkoz\u00e1sok modern \u00fczleti \u00e9s termel\u00e9sikih\u00edv\u00e1sokhoz val\u00f3 alkalmazkod\u00e1s\u00e1t seg\u00edt\u0151 fejleszt\u00e9sek t\u00e1mogat\u00e1sa\u201d c\u00edm\u0171 konstrukci\u00f3 keret\u00e9ben.Az \u201eIngatlan- \u00e9s technol\u00f3gia-fejleszt\u00e9s a MASTER-KREDIT Kft-n\u00e9l\u201d c\u00edm\u0171 projekt az Eur\u00f3pai Uni\u00f3felt\u00e9telesen visszat\u00e9r\u00edtend\u0151 t\u00e1mogat\u00e1s\u00e1val val\u00f3sult meg. A fejleszt\u00e9s c\u00e9lja: [&hellip;]<\/p>\n","protected":false},"author":1,"featured_media":0,"parent":0,"menu_order":0,"comment_status":"closed","ping_status":"closed","template":"","meta":{"site-sidebar-layout":"no-sidebar","site-content-layout":"page-builder","ast-site-content-layout":"full-width-container","site-content-style":"unboxed","site-sidebar-style":"unboxed","ast-global-header-display":"","ast-banner-title-visibility":"","ast-main-header-display":"","ast-hfb-above-header-display":"","ast-hfb-below-header-display":"","ast-hfb-mobile-header-display":"","site-post-title":"disabled","ast-breadcrumbs-content":"","ast-featured-img":"disabled","footer-sml-layout":"","theme-transparent-header-meta":"default","adv-header-id-meta":"","stick-header-meta":"","header-above-stick-meta":"","header-main-stick-meta":"","header-below-stick-meta":"","astra-migrate-meta-layouts":"set","ast-page-background-enabled":"default","ast-page-background-meta":{"desktop":{"background-color":"","background-image":"","background-repeat":"repeat","background-position":"center center","background-size":"auto","background-attachment":"scroll","background-type":"","background-media":"","overlay-type":"","overlay-color":"","overlay-opacity":"","overlay-gradient":""},"tablet":{"background-color":"","background-image":"","background-repeat":"repeat","background-position":"center center","background-size":"auto","background-attachment":"scroll","background-type":"","background-media":"","overlay-type":"","overlay-color":"","overlay-opacity":"","overlay-gradient":""},"mobile":{"background-color":"","background-image":"","background-repeat":"repeat","background-position":"center center","background-size":"auto","background-attachment":"scroll","background-type":"","background-media":"","overlay-type":"","overlay-color":"","overlay-opacity":"","overlay-gradient":""}},"ast-content-background-meta":{"desktop":{"background-color":"var(--ast-global-color-5)","background-image":"","background-repeat":"repeat","background-position":"center center","background-size":"auto","background-attachment":"scroll","background-type":"","background-media":"","overlay-type":"","overlay-color":"","overlay-opacity":"","overlay-gradient":""},"tablet":{"background-color":"var(--ast-global-color-5)","background-image":"","background-repeat":"repeat","background-position":"center center","background-size":"auto","background-attachment":"scroll","background-type":"","background-media":"","overlay-type":"","overlay-color":"","overlay-opacity":"","overlay-gradient":""},"mobile":{"background-color":"var(--ast-global-color-5)","background-image":"","background-repeat":"repeat","background-position":"center center","background-size":"auto","background-attachment":"scroll","background-type":"","background-media":"","overlay-type":"","overlay-color":"","overlay-opacity":"","overlay-gradient":""}},"footnotes":""},"class_list":["post-486","page","type-page","status-publish","hentry"],"_links":{"self":[{"href":"https:\/\/www.masterkredit.hu\/site\/wp-json\/wp\/v2\/pages\/486"}],"collection":[{"href":"https:\/\/www.masterkredit.hu\/site\/wp-json\/wp\/v2\/pages"}],"about":[{"href":"https:\/\/www.masterkredit.hu\/site\/wp-json\/wp\/v2\/types\/page"}],"author":[{"embeddable":true,"href":"https:\/\/www.masterkredit.hu\/site\/wp-json\/wp\/v2\/users\/1"}],"replies":[{"embeddable":true,"href":"https:\/\/www.masterkredit.hu\/site\/wp-json\/wp\/v2\/comments?post=486"}],"version-history":[{"count":4,"href":"https:\/\/www.masterkredit.hu\/site\/wp-json\/wp\/v2\/pages\/486\/revisions"}],"predecessor-version":[{"id":1449,"href":"https:\/\/www.masterkredit.hu\/site\/wp-json\/wp\/v2\/pages\/486\/revisions\/1449"}],"wp:attachment":[{"href":"https:\/\/www.masterkredit.hu\/site\/wp-json\/wp\/v2\/media?parent=486"}],"curies":[{"name":"wp","href":"https:\/\/api.w.org\/{rel}","templated":true}]}}