{"id":487,"date":"2024-09-14T17:39:52","date_gmt":"2024-09-14T15:39:52","guid":{"rendered":"https:\/\/www.masterkredit.hu\/site\/services\/"},"modified":"2024-11-09T10:41:29","modified_gmt":"2024-11-09T09:41:29","slug":"lakasfelujitas","status":"publish","type":"page","link":"https:\/\/www.masterkredit.hu\/site\/lakasfelujitas\/","title":{"rendered":"Lak\u00e1sfel\u00faj\u00edt\u00e1s"},"content":{"rendered":"\t\t<div data-elementor-type=\"wp-page\" data-elementor-id=\"487\" class=\"elementor elementor-487\">\n\t\t\t\t<div class=\"elementor-element elementor-element-2da73570 e-flex e-con-boxed e-con e-parent\" data-id=\"2da73570\" data-element_type=\"container\" data-settings=\"{&quot;background_background&quot;:&quot;classic&quot;}\">\n\t\t\t\t\t<div class=\"e-con-inner\">\n\t\t<div class=\"elementor-element elementor-element-556fcfaf e-con-full e-flex e-con e-child\" data-id=\"556fcfaf\" data-element_type=\"container\">\n\t\t\t\t<div class=\"elementor-element elementor-element-a9940a0 elementor-widget elementor-widget-heading\" data-id=\"a9940a0\" data-element_type=\"widget\" data-widget_type=\"heading.default\">\n\t\t\t\t<div class=\"elementor-widget-container\">\n\t\t\t\t\t<h1 class=\"elementor-heading-title elementor-size-default\">Lak\u00e1sfel\u00faj\u00edt\u00e1s<\/h1>\t\t\t\t<\/div>\n\t\t\t\t<\/div>\n\t\t\t\t<\/div>\n\t\t\t\t\t<\/div>\n\t\t\t\t<\/div>\n\t\t\t\t<section class=\"elementor-section elementor-top-section elementor-element elementor-element-94ec0n9 elementor-section-content-middle elementor-section-boxed elementor-section-height-default elementor-section-height-default\" data-id=\"94ec0n9\" data-element_type=\"section\" data-settings=\"{&quot;background_background&quot;:&quot;classic&quot;}\">\n\t\t\t\t\t\t\t<div class=\"elementor-background-overlay\"><\/div>\n\t\t\t\t\t\t\t<div class=\"elementor-container elementor-column-gap-no\">\n\t\t\t\t\t<div class=\"elementor-column elementor-col-50 elementor-top-column elementor-element elementor-element-47d11e6\" data-id=\"47d11e6\" data-element_type=\"column\">\n\t\t\t<div class=\"elementor-widget-wrap elementor-element-populated\">\n\t\t\t\t\t\t<div class=\"elementor-element elementor-element-51240be elementor-widget elementor-widget-image\" data-id=\"51240be\" data-element_type=\"widget\" data-widget_type=\"image.default\">\n\t\t\t\t<div class=\"elementor-widget-container\">\n\t\t\t\t\t\t\t\t\t\t\t\t\t\t\t<img fetchpriority=\"high\" decoding=\"async\" width=\"1024\" height=\"1024\" src=\"https:\/\/www.masterkredit.hu\/site\/wp-content\/uploads\/2024\/10\/frame_4.png\" class=\"attachment-full size-full wp-image-1189\" alt=\"\" \/>\t\t\t\t\t\t\t\t\t\t\t\t\t\t\t<\/div>\n\t\t\t\t<\/div>\n\t\t\t\t\t<\/div>\n\t\t<\/div>\n\t\t\t\t<div class=\"elementor-column elementor-col-50 elementor-top-column elementor-element elementor-element-e68dcfe\" data-id=\"e68dcfe\" data-element_type=\"column\">\n\t\t\t<div class=\"elementor-widget-wrap elementor-element-populated\">\n\t\t\t\t\t\t<div class=\"elementor-element elementor-element-ff0f137 elementor-widget elementor-widget-heading\" data-id=\"ff0f137\" data-element_type=\"widget\" data-widget_type=\"heading.default\">\n\t\t\t\t<div class=\"elementor-widget-container\">\n\t\t\t\t\t<h4 class=\"elementor-heading-title elementor-size-default\">Tapasztalatunkkal \u00e9s szaktud\u00e1sunkkal seg\u00edt\u00fcnk abban, hogy otthona ne csak sz\u00e9p, hanem funkcion\u00e1lis is legyen.<\/h4>\t\t\t\t<\/div>\n\t\t\t\t<\/div>\n\t\t\t\t<div class=\"elementor-element elementor-element-72da1a5 elementor-widget elementor-widget-text-editor\" data-id=\"72da1a5\" data-element_type=\"widget\" data-widget_type=\"text-editor.default\">\n\t\t\t\t<div class=\"elementor-widget-container\">\n\t\t\t\t\t\t\t\t\t<p>A fel\u00faj\u00edt\u00e1s sor\u00e1n figyelembe vessz\u00fck az \u00d6n ig\u00e9nyeit \u00e9s elk\u00e9pzel\u00e9seit, \u00edgy a v\u00e9geredm\u00e9ny t\u00f6k\u00e9letesen t\u00fckr\u00f6zi az \u00d6n st\u00edlus\u00e1t \u00e9s \u00e9letm\u00f3dj\u00e1t.<\/p><p>A lak\u00e1sfel\u00faj\u00edt\u00e1s folyamata a tervez\u00e9st\u0151l kezdve a kivitelez\u00e9sig terjed, \u00e9s mi v\u00e9gig a helysz\u00ednen vagyunk, hogy biztos\u00edtsuk a z\u00f6kken\u0151mentes munkafolyamatot. Legyen sz\u00f3 konyha, f\u00fcrd\u0151szoba, vagy teljes lak\u00e1sfel\u00faj\u00edt\u00e1sr\u00f3l, minden egyes r\u00e9szletre \u00fcgyel\u00fcnk, hogy a v\u00e9geredm\u00e9ny megfeleljen a legmagasabb elv\u00e1r\u00e1soknak.<\/p><p>C\u00e9g\u00fcnk elk\u00f6telezett a min\u0151s\u00e9g \u00e9s a megb\u00edzhat\u00f3s\u00e1g mellett. Csapatunk folyamatosan figyelemmel k\u00eds\u00e9ri a projekt el\u0151rehalad\u00e1s\u00e1t, hogy minden a terv szerint haladjon, \u00e9s \u00d6n mindig t\u00e1j\u00e9koztatva legyen a munk\u00e1latok \u00e1ll\u00e1s\u00e1r\u00f3l.<\/p>\t\t\t\t\t\t\t\t<\/div>\n\t\t\t\t<\/div>\n\t\t\t\t<div class=\"elementor-element elementor-element-a6dde25 elementor-align-left elementor-widget elementor-widget-button\" data-id=\"a6dde25\" data-element_type=\"widget\" data-widget_type=\"button.default\">\n\t\t\t\t<div class=\"elementor-widget-container\">\n\t\t\t\t\t\t\t\t\t<div class=\"elementor-button-wrapper\">\n\t\t\t\t\t<a class=\"elementor-button elementor-button-link elementor-size-sm\" href=\"#\">\n\t\t\t\t\t\t<span class=\"elementor-button-content-wrapper\">\n\t\t\t\t\t\t\t\t\t<span class=\"elementor-button-text\">Kapcsolat<\/span>\n\t\t\t\t\t<\/span>\n\t\t\t\t\t<\/a>\n\t\t\t\t<\/div>\n\t\t\t\t\t\t\t\t<\/div>\n\t\t\t\t<\/div>\n\t\t\t\t\t<\/div>\n\t\t<\/div>\n\t\t\t\t\t<\/div>\n\t\t<\/section>\n\t\t\t\t<\/div>\n\t\t","protected":false},"excerpt":{"rendered":"<p>Lak\u00e1sfel\u00faj\u00edt\u00e1s Tapasztalatunkkal \u00e9s szaktud\u00e1sunkkal seg\u00edt\u00fcnk abban, hogy otthona ne csak sz\u00e9p, hanem funkcion\u00e1lis is legyen. A fel\u00faj\u00edt\u00e1s sor\u00e1n figyelembe vessz\u00fck az \u00d6n ig\u00e9nyeit \u00e9s elk\u00e9pzel\u00e9seit, \u00edgy a v\u00e9geredm\u00e9ny t\u00f6k\u00e9letesen t\u00fckr\u00f6zi az \u00d6n st\u00edlus\u00e1t \u00e9s \u00e9letm\u00f3dj\u00e1t. A lak\u00e1sfel\u00faj\u00edt\u00e1s folyamata a tervez\u00e9st\u0151l kezdve a kivitelez\u00e9sig terjed, \u00e9s mi v\u00e9gig a helysz\u00ednen vagyunk, hogy biztos\u00edtsuk a z\u00f6kken\u0151mentes munkafolyamatot. [&hellip;]<\/p>\n","protected":false},"author":1,"featured_media":0,"parent":0,"menu_order":0,"comment_status":"closed","ping_status":"closed","template":"","meta":{"site-sidebar-layout":"no-sidebar","site-content-layout":"page-builder","ast-site-content-layout":"full-width-container","site-content-style":"unboxed","site-sidebar-style":"unboxed","ast-global-header-display":"","ast-banner-title-visibility":"","ast-main-header-display":"","ast-hfb-above-header-display":"","ast-hfb-below-header-display":"","ast-hfb-mobile-header-display":"","site-post-title":"disabled","ast-breadcrumbs-content":"","ast-featured-img":"disabled","footer-sml-layout":"","theme-transparent-header-meta":"disabled","adv-header-id-meta":"","stick-header-meta":"","header-above-stick-meta":"","header-main-stick-meta":"","header-below-stick-meta":"","astra-migrate-meta-layouts":"set","ast-page-background-enabled":"default","ast-page-background-meta":{"desktop":{"background-color":"","background-image":"","background-repeat":"repeat","background-position":"center center","background-size":"auto","background-attachment":"scroll","background-type":"","background-media":"","overlay-type":"","overlay-color":"","overlay-opacity":"","overlay-gradient":""},"tablet":{"background-color":"","background-image":"","background-repeat":"repeat","background-position":"center center","background-size":"auto","background-attachment":"scroll","background-type":"","background-media":"","overlay-type":"","overlay-color":"","overlay-opacity":"","overlay-gradient":""},"mobile":{"background-color":"","background-image":"","background-repeat":"repeat","background-position":"center center","background-size":"auto","background-attachment":"scroll","background-type":"","background-media":"","overlay-type":"","overlay-color":"","overlay-opacity":"","overlay-gradient":""}},"ast-content-background-meta":{"desktop":{"background-color":"var(--ast-global-color-5)","background-image":"","background-repeat":"repeat","background-position":"center center","background-size":"auto","background-attachment":"scroll","background-type":"","background-media":"","overlay-type":"","overlay-color":"","overlay-opacity":"","overlay-gradient":""},"tablet":{"background-color":"var(--ast-global-color-5)","background-image":"","background-repeat":"repeat","background-position":"center center","background-size":"auto","background-attachment":"scroll","background-type":"","background-media":"","overlay-type":"","overlay-color":"","overlay-opacity":"","overlay-gradient":""},"mobile":{"background-color":"var(--ast-global-color-5)","background-image":"","background-repeat":"repeat","background-position":"center center","background-size":"auto","background-attachment":"scroll","background-type":"","background-media":"","overlay-type":"","overlay-color":"","overlay-opacity":"","overlay-gradient":""}},"footnotes":""},"class_list":["post-487","page","type-page","status-publish","hentry"],"_links":{"self":[{"href":"https:\/\/www.masterkredit.hu\/site\/wp-json\/wp\/v2\/pages\/487"}],"collection":[{"href":"https:\/\/www.masterkredit.hu\/site\/wp-json\/wp\/v2\/pages"}],"about":[{"href":"https:\/\/www.masterkredit.hu\/site\/wp-json\/wp\/v2\/types\/page"}],"author":[{"embeddable":true,"href":"https:\/\/www.masterkredit.hu\/site\/wp-json\/wp\/v2\/users\/1"}],"replies":[{"embeddable":true,"href":"https:\/\/www.masterkredit.hu\/site\/wp-json\/wp\/v2\/comments?post=487"}],"version-history":[{"count":6,"href":"https:\/\/www.masterkredit.hu\/site\/wp-json\/wp\/v2\/pages\/487\/revisions"}],"predecessor-version":[{"id":1441,"href":"https:\/\/www.masterkredit.hu\/site\/wp-json\/wp\/v2\/pages\/487\/revisions\/1441"}],"wp:attachment":[{"href":"https:\/\/www.masterkredit.hu\/site\/wp-json\/wp\/v2\/media?parent=487"}],"curies":[{"name":"wp","href":"https:\/\/api.w.org\/{rel}","templated":true}]}}